{"id":1712,"date":"2022-03-14T19:50:51","date_gmt":"2022-03-15T02:50:51","guid":{"rendered":"https:\/\/dev.vaccinatela.info\/noticias\/"},"modified":"2022-03-27T09:14:44","modified_gmt":"2022-03-27T16:14:44","slug":"noticias","status":"publish","type":"page","link":"https:\/\/vaccinatela.info\/es\/noticias\/","title":{"rendered":"Noticias"},"content":{"rendered":"\t\t<div data-elementor-type=\"wp-page\" data-elementor-id=\"1712\" class=\"elementor elementor-1712 elementor-1019\" data-elementor-post-type=\"page\">\n\t\t\t\t\t\t<section class=\"elementor-section elementor-top-section elementor-element elementor-element-47129c9e elementor-section-content-middle elementor-section-boxed elementor-section-height-default elementor-section-height-default\" data-id=\"47129c9e\" data-element_type=\"section\" data-e-type=\"section\">\n\t\t\t\t\t\t<div class=\"elementor-container elementor-column-gap-default\">\n\t\t\t\t\t<div class=\"elementor-column elementor-col-33 elementor-top-column elementor-element elementor-element-18081e6d\" data-id=\"18081e6d\" data-element_type=\"column\" data-e-type=\"column\">\n\t\t\t<div class=\"elementor-widget-wrap elementor-element-populated\">\n\t\t\t\t\t\t<div class=\"elementor-element elementor-element-2ab226bc elementor-widget elementor-widget-image\" data-id=\"2ab226bc\" data-element_type=\"widget\" data-e-type=\"widget\" data-widget_type=\"image.default\">\n\t\t\t\t<div class=\"elementor-widget-container\">\n\t\t\t\t\t\t\t\t\t\t\t\t\t\t\t<img decoding=\"async\" src=\"https:\/\/vaccinatela.info\/wp-content\/uploads\/elementor\/thumbs\/invHeart-pmhm9bh47ofgcl52dzd52asjthj21dvcdbqgrgas64.png\" title=\"invHeart\" alt=\"invHeart\" loading=\"lazy\" \/>\t\t\t\t\t\t\t\t\t\t\t\t\t\t\t<\/div>\n\t\t\t\t<\/div>\n\t\t\t\t\t<\/div>\n\t\t<\/div>\n\t\t\t\t<div class=\"elementor-column elementor-col-66 elementor-top-column elementor-element elementor-element-656f4f46\" data-id=\"656f4f46\" data-element_type=\"column\" data-e-type=\"column\">\n\t\t\t<div class=\"elementor-widget-wrap elementor-element-populated\">\n\t\t\t\t\t\t<div class=\"elementor-element elementor-element-16ced196 elementor-widget elementor-widget-heading\" data-id=\"16ced196\" data-element_type=\"widget\" data-e-type=\"widget\" data-widget_type=\"heading.default\">\n\t\t\t\t<div class=\"elementor-widget-container\">\n\t\t\t\t\t<h2 class=\"elementor-heading-title elementor-size-default\">NOTICIAS<\/h2>\t\t\t\t<\/div>\n\t\t\t\t<\/div>\n\t\t\t\t\t<\/div>\n\t\t<\/div>\n\t\t\t\t\t<\/div>\n\t\t<\/section>\n\t\t\t\t<section class=\"elementor-section elementor-top-section elementor-element elementor-element-5665c9f0 elementor-section-full_width elementor-section-height-default elementor-section-height-default\" data-id=\"5665c9f0\" data-element_type=\"section\" data-e-type=\"section\">\n\t\t\t\t\t\t<div class=\"elementor-container elementor-column-gap-default\">\n\t\t\t\t\t<div class=\"elementor-column elementor-col-25 elementor-top-column elementor-element elementor-element-c2fbb15\" data-id=\"c2fbb15\" data-element_type=\"column\" data-e-type=\"column\">\n\t\t\t<div class=\"elementor-widget-wrap\">\n\t\t\t\t\t\t\t<\/div>\n\t\t<\/div>\n\t\t\t\t<div class=\"elementor-column elementor-col-50 elementor-top-column elementor-element elementor-element-3974dc49\" data-id=\"3974dc49\" data-element_type=\"column\" data-e-type=\"column\">\n\t\t\t<div class=\"elementor-widget-wrap elementor-element-populated\">\n\t\t\t\t\t\t<div class=\"elementor-element elementor-element-a9a5e17 elementor-grid-3 elementor-grid-tablet-2 elementor-grid-mobile-1 elementor-posts--thumbnail-top elementor-card-shadow-yes elementor-posts__hover-gradient elementor-widget elementor-widget-posts\" data-id=\"a9a5e17\" data-element_type=\"widget\" data-e-type=\"widget\" data-settings=\"{&quot;cards_columns&quot;:&quot;3&quot;,&quot;cards_columns_tablet&quot;:&quot;2&quot;,&quot;cards_columns_mobile&quot;:&quot;1&quot;,&quot;cards_row_gap&quot;:{&quot;unit&quot;:&quot;px&quot;,&quot;size&quot;:35,&quot;sizes&quot;:[]},&quot;cards_row_gap_tablet&quot;:{&quot;unit&quot;:&quot;px&quot;,&quot;size&quot;:&quot;&quot;,&quot;sizes&quot;:[]},&quot;cards_row_gap_mobile&quot;:{&quot;unit&quot;:&quot;px&quot;,&quot;size&quot;:&quot;&quot;,&quot;sizes&quot;:[]}}\" data-widget_type=\"posts.cards\">\n\t\t\t\t<div class=\"elementor-widget-container\">\n\t\t\t\t\t\t\t<div class=\"elementor-posts-container elementor-posts elementor-posts--skin-cards elementor-grid\" role=\"list\">\n\t\t\t\t<article class=\"elementor-post elementor-grid-item post-2160 post type-post status-publish format-standard has-post-thumbnail hentry category-news-es\" role=\"listitem\">\n\t\t\t<div class=\"elementor-post__card\">\n\t\t\t\t<a class=\"elementor-post__thumbnail__link\" href=\"https:\/\/vaccinatela.info\/es\/2022\/04\/13\/usc-psa-urges-black-and-brown-communities-to-remain-vigilant-get-vaccine\/\" tabindex=\"-1\" ><div class=\"elementor-post__thumbnail\"><img fetchpriority=\"high\" decoding=\"async\" width=\"300\" height=\"168\" src=\"https:\/\/vaccinatela.info\/wp-content\/uploads\/2022\/04\/web_stop-300x168.jpg\" class=\"attachment-medium size-medium wp-image-2158\" alt=\"\" srcset=\"https:\/\/vaccinatela.info\/wp-content\/uploads\/2022\/04\/web_stop-300x168.jpg 300w, https:\/\/vaccinatela.info\/wp-content\/uploads\/2022\/04\/web_stop-1024x575.jpg 1024w, https:\/\/vaccinatela.info\/wp-content\/uploads\/2022\/04\/web_stop-768x431.jpg 768w, https:\/\/vaccinatela.info\/wp-content\/uploads\/2022\/04\/web_stop.jpg 1311w\" sizes=\"(max-width: 300px) 100vw, 300px\" \/><\/div><\/a>\n\t\t\t\t<div class=\"elementor-post__text\">\n\t\t\t\t<h3 class=\"elementor-post__title\">\n\t\t\t<a href=\"https:\/\/vaccinatela.info\/es\/2022\/04\/13\/usc-psa-urges-black-and-brown-communities-to-remain-vigilant-get-vaccine\/\" >\n\t\t\t\tUSC PSA urges Black and Brown communities to remain vigilant, get vaccine\t\t\t<\/a>\n\t\t<\/h3>\n\t\t\t\t<div class=\"elementor-post__excerpt\">\n\t\t\t<p>LOS ANGELES \u2014 As children return to school, communities are moving forward and returning to pre-pandemic life styles. But are too many risks being taken?<\/p>\n\t\t<\/div>\n\t\t\n\t\t<a class=\"elementor-post__read-more\" href=\"https:\/\/vaccinatela.info\/es\/2022\/04\/13\/usc-psa-urges-black-and-brown-communities-to-remain-vigilant-get-vaccine\/\" aria-label=\"M\u00e1s informaci\u00f3n sobre USC PSA urges Black and Brown communities to remain vigilant, get vaccine\" tabindex=\"-1\" >\n\t\t\tRead More \u00bb\t\t<\/a>\n\n\t\t\t\t<\/div>\n\t\t\t\t<div class=\"elementor-post__meta-data\">\n\t\t\t\t\t<span class=\"elementor-post-date\">\n\t\t\tabril 13, 2022\t\t<\/span>\n\t\t\t\t<\/div>\n\t\t\t\t\t<\/div>\n\t\t<\/article>\n\t\t\t\t<article class=\"elementor-post elementor-grid-item post-2088 post type-post status-publish format-standard has-post-thumbnail hentry category-news-es\" role=\"listitem\">\n\t\t\t<div class=\"elementor-post__card\">\n\t\t\t\t<a class=\"elementor-post__thumbnail__link\" href=\"https:\/\/vaccinatela.info\/es\/2022\/03\/28\/only-30-of-l-a-county-kids-are-vaccinated-months-after-covid-shots-became-available\/\" tabindex=\"-1\" ><div class=\"elementor-post__thumbnail\"><img decoding=\"async\" width=\"300\" height=\"195\" src=\"https:\/\/vaccinatela.info\/wp-content\/uploads\/2022\/03\/Screenshot-2022-03-28-145253-300x195.jpg\" class=\"attachment-medium size-medium wp-image-2085\" alt=\"\" srcset=\"https:\/\/vaccinatela.info\/wp-content\/uploads\/2022\/03\/Screenshot-2022-03-28-145253-300x195.jpg 300w, https:\/\/vaccinatela.info\/wp-content\/uploads\/2022\/03\/Screenshot-2022-03-28-145253.jpg 745w\" sizes=\"(max-width: 300px) 100vw, 300px\" \/><\/div><\/a>\n\t\t\t\t<div class=\"elementor-post__text\">\n\t\t\t\t<h3 class=\"elementor-post__title\">\n\t\t\t<a href=\"https:\/\/vaccinatela.info\/es\/2022\/03\/28\/only-30-of-l-a-county-kids-are-vaccinated-months-after-covid-shots-became-available\/\" >\n\t\t\t\tOnly 30% of L.A. County kids are vaccinated, months after COVID shots became available\t\t\t<\/a>\n\t\t<\/h3>\n\t\t\t\t<div class=\"elementor-post__excerpt\">\n\t\t\t<p>As kids were spilling out of the gates at Helen Keller Elementary School in Lynwood, outreach worker Alma Aracen tried to talk to the parents<\/p>\n\t\t<\/div>\n\t\t\n\t\t<a class=\"elementor-post__read-more\" href=\"https:\/\/vaccinatela.info\/es\/2022\/03\/28\/only-30-of-l-a-county-kids-are-vaccinated-months-after-covid-shots-became-available\/\" aria-label=\"M\u00e1s informaci\u00f3n sobre Only 30% of L.A. County kids are vaccinated, months after COVID shots became available\" tabindex=\"-1\" >\n\t\t\tRead More \u00bb\t\t<\/a>\n\n\t\t\t\t<\/div>\n\t\t\t\t<div class=\"elementor-post__meta-data\">\n\t\t\t\t\t<span class=\"elementor-post-date\">\n\t\t\tmarzo 28, 2022\t\t<\/span>\n\t\t\t\t<\/div>\n\t\t\t\t\t<\/div>\n\t\t<\/article>\n\t\t\t\t<article class=\"elementor-post elementor-grid-item post-2080 post type-post status-publish format-standard has-post-thumbnail hentry category-news-es\" role=\"listitem\">\n\t\t\t<div class=\"elementor-post__card\">\n\t\t\t\t<a class=\"elementor-post__thumbnail__link\" href=\"https:\/\/vaccinatela.info\/es\/2022\/03\/28\/fotonovela-busca-tumbar-los-mitos-sobre-la-vacunacion\/\" tabindex=\"-1\" ><div class=\"elementor-post__thumbnail\"><img decoding=\"async\" width=\"300\" height=\"232\" src=\"https:\/\/vaccinatela.info\/wp-content\/uploads\/2022\/03\/foton-min-300x232.jpg\" class=\"attachment-medium size-medium wp-image-1772\" alt=\"\" srcset=\"https:\/\/vaccinatela.info\/wp-content\/uploads\/2022\/03\/foton-min-300x232.jpg 300w, https:\/\/vaccinatela.info\/wp-content\/uploads\/2022\/03\/foton-min-768x595.jpg 768w, https:\/\/vaccinatela.info\/wp-content\/uploads\/2022\/03\/foton-min.jpg 865w\" sizes=\"(max-width: 300px) 100vw, 300px\" \/><\/div><\/a>\n\t\t\t\t<div class=\"elementor-post__text\">\n\t\t\t\t<h3 class=\"elementor-post__title\">\n\t\t\t<a href=\"https:\/\/vaccinatela.info\/es\/2022\/03\/28\/fotonovela-busca-tumbar-los-mitos-sobre-la-vacunacion\/\" >\n\t\t\t\tFotonovela busca tumbar los mitos sobre la vacunaci\u00f3n\t\t\t<\/a>\n\t\t<\/h3>\n\t\t\t\t<div class=\"elementor-post__excerpt\">\n\t\t\t<p>Esta semana se public\u00f3 una entretenida y humor\u00edstica fotonovela titulada \u201cRumores Infecciosos\u201d, que explica los mitos y la importancia de recibir vacunas -no solo la<\/p>\n\t\t<\/div>\n\t\t\n\t\t<a class=\"elementor-post__read-more\" href=\"https:\/\/vaccinatela.info\/es\/2022\/03\/28\/fotonovela-busca-tumbar-los-mitos-sobre-la-vacunacion\/\" aria-label=\"M\u00e1s informaci\u00f3n sobre Fotonovela busca tumbar los mitos sobre la vacunaci\u00f3n\" tabindex=\"-1\" >\n\t\t\tRead More \u00bb\t\t<\/a>\n\n\t\t\t\t<\/div>\n\t\t\t\t<div class=\"elementor-post__meta-data\">\n\t\t\t\t\t<span class=\"elementor-post-date\">\n\t\t\tmarzo 28, 2022\t\t<\/span>\n\t\t\t\t<\/div>\n\t\t\t\t\t<\/div>\n\t\t<\/article>\n\t\t\t\t<article class=\"elementor-post elementor-grid-item post-1734 post type-post status-publish format-standard has-post-thumbnail hentry category-news-es\" role=\"listitem\">\n\t\t\t<div class=\"elementor-post__card\">\n\t\t\t\t<a class=\"elementor-post__thumbnail__link\" href=\"https:\/\/vaccinatela.info\/es\/2022\/03\/14\/how-black-church-leaders-and-usc-are-overcoming-vaccine-hesitancy-in-watts\/\" tabindex=\"-1\" ><div class=\"elementor-post__thumbnail\"><img loading=\"lazy\" decoding=\"async\" width=\"300\" height=\"200\" src=\"https:\/\/vaccinatela.info\/wp-content\/uploads\/2022\/03\/Dr-Chambers_Noah-Jones_Dr-Taylor-web-480x320-1-300x200.jpg\" class=\"attachment-medium size-medium wp-image-1452\" alt=\"\" srcset=\"https:\/\/vaccinatela.info\/wp-content\/uploads\/2022\/03\/Dr-Chambers_Noah-Jones_Dr-Taylor-web-480x320-1-300x200.jpg 300w, https:\/\/vaccinatela.info\/wp-content\/uploads\/2022\/03\/Dr-Chambers_Noah-Jones_Dr-Taylor-web-480x320-1.jpg 480w\" sizes=\"(max-width: 300px) 100vw, 300px\" \/><\/div><\/a>\n\t\t\t\t<div class=\"elementor-post__text\">\n\t\t\t\t<h3 class=\"elementor-post__title\">\n\t\t\t<a href=\"https:\/\/vaccinatela.info\/es\/2022\/03\/14\/how-black-church-leaders-and-usc-are-overcoming-vaccine-hesitancy-in-watts\/\" >\n\t\t\t\tHow Black church leaders and USC are overcoming vaccine hesitancy in Watts\t\t\t<\/a>\n\t\t<\/h3>\n\t\t\t\t<div class=\"elementor-post__excerpt\">\n\t\t\t<p>Alvin Stafford faced a critical challenge when he became pastor of Bethel Missionary Baptist Church last November: Los Angeles was in the midst of its<\/p>\n\t\t<\/div>\n\t\t\n\t\t<a class=\"elementor-post__read-more\" href=\"https:\/\/vaccinatela.info\/es\/2022\/03\/14\/how-black-church-leaders-and-usc-are-overcoming-vaccine-hesitancy-in-watts\/\" aria-label=\"M\u00e1s informaci\u00f3n sobre How Black church leaders and USC are overcoming vaccine hesitancy in Watts\" tabindex=\"-1\" >\n\t\t\tRead More \u00bb\t\t<\/a>\n\n\t\t\t\t<\/div>\n\t\t\t\t<div class=\"elementor-post__meta-data\">\n\t\t\t\t\t<span class=\"elementor-post-date\">\n\t\t\tmarzo 14, 2022\t\t<\/span>\n\t\t\t\t<\/div>\n\t\t\t\t\t<\/div>\n\t\t<\/article>\n\t\t\t\t<article class=\"elementor-post elementor-grid-item post-1733 post type-post status-publish format-standard has-post-thumbnail hentry category-news-es\" role=\"listitem\">\n\t\t\t<div class=\"elementor-post__card\">\n\t\t\t\t<a class=\"elementor-post__thumbnail__link\" href=\"https:\/\/vaccinatela.info\/es\/2022\/03\/14\/boyle-heights-residents-helping-neighbors-get-vaccinated\/\" tabindex=\"-1\" ><div class=\"elementor-post__thumbnail\"><img loading=\"lazy\" decoding=\"async\" width=\"300\" height=\"185\" src=\"https:\/\/vaccinatela.info\/wp-content\/uploads\/2022\/03\/blog_neighbors-300x185.jpg\" class=\"attachment-medium size-medium wp-image-1440\" alt=\"\" srcset=\"https:\/\/vaccinatela.info\/wp-content\/uploads\/2022\/03\/blog_neighbors-300x185.jpg 300w, https:\/\/vaccinatela.info\/wp-content\/uploads\/2022\/03\/blog_neighbors-768x473.jpg 768w, https:\/\/vaccinatela.info\/wp-content\/uploads\/2022\/03\/blog_neighbors.jpg 907w\" sizes=\"(max-width: 300px) 100vw, 300px\" \/><\/div><\/a>\n\t\t\t\t<div class=\"elementor-post__text\">\n\t\t\t\t<h3 class=\"elementor-post__title\">\n\t\t\t<a href=\"https:\/\/vaccinatela.info\/es\/2022\/03\/14\/boyle-heights-residents-helping-neighbors-get-vaccinated\/\" >\n\t\t\t\tBoyle Heights residents helping neighbors get vaccinated\t\t\t<\/a>\n\t\t<\/h3>\n\t\t\t\t<div class=\"elementor-post__excerpt\">\n\t\t\t<p>LOS ANGELES \u2014 Women in Boyle Heights are knocking on doors to encourage their neighbors to get vaccinated. \u00abPromotoras,\u00bb or community health workers, are working<\/p>\n\t\t<\/div>\n\t\t\n\t\t<a class=\"elementor-post__read-more\" href=\"https:\/\/vaccinatela.info\/es\/2022\/03\/14\/boyle-heights-residents-helping-neighbors-get-vaccinated\/\" aria-label=\"M\u00e1s informaci\u00f3n sobre Boyle Heights residents helping neighbors get vaccinated\" tabindex=\"-1\" >\n\t\t\tRead More \u00bb\t\t<\/a>\n\n\t\t\t\t<\/div>\n\t\t\t\t<div class=\"elementor-post__meta-data\">\n\t\t\t\t\t<span class=\"elementor-post-date\">\n\t\t\tmarzo 14, 2022\t\t<\/span>\n\t\t\t\t<\/div>\n\t\t\t\t\t<\/div>\n\t\t<\/article>\n\t\t\t\t<article class=\"elementor-post elementor-grid-item post-1731 post type-post status-publish format-standard has-post-thumbnail hentry category-news-es\" role=\"listitem\">\n\t\t\t<div class=\"elementor-post__card\">\n\t\t\t\t<a class=\"elementor-post__thumbnail__link\" href=\"https:\/\/vaccinatela.info\/es\/2022\/03\/14\/watch-faculty-and-students-video-clips-that-encourage-covid-vaccinations\/\" tabindex=\"-1\" ><div class=\"elementor-post__thumbnail\"><img loading=\"lazy\" decoding=\"async\" width=\"300\" height=\"200\" src=\"https:\/\/vaccinatela.info\/wp-content\/uploads\/2022\/03\/Latinx-film-team-with-Professor-Jeremy-Kagan_Web-824x549-1-300x200.jpg\" class=\"attachment-medium size-medium wp-image-1448\" alt=\"\" srcset=\"https:\/\/vaccinatela.info\/wp-content\/uploads\/2022\/03\/Latinx-film-team-with-Professor-Jeremy-Kagan_Web-824x549-1-300x200.jpg 300w, https:\/\/vaccinatela.info\/wp-content\/uploads\/2022\/03\/Latinx-film-team-with-Professor-Jeremy-Kagan_Web-824x549-1-768x512.jpg 768w, https:\/\/vaccinatela.info\/wp-content\/uploads\/2022\/03\/Latinx-film-team-with-Professor-Jeremy-Kagan_Web-824x549-1.jpg 824w\" sizes=\"(max-width: 300px) 100vw, 300px\" \/><\/div><\/a>\n\t\t\t\t<div class=\"elementor-post__text\">\n\t\t\t\t<h3 class=\"elementor-post__title\">\n\t\t\t<a href=\"https:\/\/vaccinatela.info\/es\/2022\/03\/14\/watch-faculty-and-students-video-clips-that-encourage-covid-vaccinations\/\" >\n\t\t\t\tWatch faculty and students\u2019 video clips that encourage COVID vaccinations\t\t\t<\/a>\n\t\t<\/h3>\n\t\t\t\t<div class=\"elementor-post__excerpt\">\n\t\t\t<p>Jeremy Kagan\u00a0knew he and his fellow Trojans had to do something. \u201cCommunities surrounding our campuses in South Los Angeles and East Los Angeles were getting<\/p>\n\t\t<\/div>\n\t\t\n\t\t<a class=\"elementor-post__read-more\" href=\"https:\/\/vaccinatela.info\/es\/2022\/03\/14\/watch-faculty-and-students-video-clips-that-encourage-covid-vaccinations\/\" aria-label=\"M\u00e1s informaci\u00f3n sobre Watch faculty and students\u2019 video clips that encourage COVID vaccinations\" tabindex=\"-1\" >\n\t\t\tRead More \u00bb\t\t<\/a>\n\n\t\t\t\t<\/div>\n\t\t\t\t<div class=\"elementor-post__meta-data\">\n\t\t\t\t\t<span class=\"elementor-post-date\">\n\t\t\tmarzo 14, 2022\t\t<\/span>\n\t\t\t\t<\/div>\n\t\t\t\t\t<\/div>\n\t\t<\/article>\n\t\t\t\t<\/div>\n\t\t\n\t\t\t\t\t\t<\/div>\n\t\t\t\t<\/div>\n\t\t\t\t\t<\/div>\n\t\t<\/div>\n\t\t\t\t<div class=\"elementor-column elementor-col-25 elementor-top-column elementor-element elementor-element-41662425\" data-id=\"41662425\" data-element_type=\"column\" data-e-type=\"column\">\n\t\t\t<div class=\"elementor-widget-wrap\">\n\t\t\t\t\t\t\t<\/div>\n\t\t<\/div>\n\t\t\t\t\t<\/div>\n\t\t<\/section>\n\t\t\t\t<\/div>\n\t\t","protected":false},"excerpt":{"rendered":"<p>NOTICIAS<\/p>\n","protected":false},"author":1,"featured_media":0,"parent":0,"menu_order":0,"comment_status":"closed","ping_status":"closed","template":"","meta":{"footnotes":""},"class_list":["post-1712","page","type-page","status-publish","hentry"],"_links":{"self":[{"href":"https:\/\/vaccinatela.info\/es\/wp-json\/wp\/v2\/pages\/1712","targetHints":{"allow":["GET"]}}],"collection":[{"href":"https:\/\/vaccinatela.info\/es\/wp-json\/wp\/v2\/pages"}],"about":[{"href":"https:\/\/vaccinatela.info\/es\/wp-json\/wp\/v2\/types\/page"}],"author":[{"embeddable":true,"href":"https:\/\/vaccinatela.info\/es\/wp-json\/wp\/v2\/users\/1"}],"replies":[{"embeddable":true,"href":"https:\/\/vaccinatela.info\/es\/wp-json\/wp\/v2\/comments?post=1712"}],"version-history":[{"count":7,"href":"https:\/\/vaccinatela.info\/es\/wp-json\/wp\/v2\/pages\/1712\/revisions"}],"predecessor-version":[{"id":2044,"href":"https:\/\/vaccinatela.info\/es\/wp-json\/wp\/v2\/pages\/1712\/revisions\/2044"}],"wp:attachment":[{"href":"https:\/\/vaccinatela.info\/es\/wp-json\/wp\/v2\/media?parent=1712"}],"curies":[{"name":"wp","href":"https:\/\/api.w.org\/{rel}","templated":true}]}}