{"id":1695,"date":"2022-03-14T19:36:16","date_gmt":"2022-03-15T02:36:16","guid":{"rendered":"https:\/\/dev.vaccinatela.info\/politica-de-privacidad-2\/"},"modified":"2022-03-14T19:37:48","modified_gmt":"2022-03-15T02:37:48","slug":"politica-de-privacidad-2","status":"publish","type":"page","link":"https:\/\/vaccinatela.info\/es\/politica-de-privacidad-2\/","title":{"rendered":"Pol\u00edtica de Privacidad"},"content":{"rendered":"\t\t<div data-elementor-type=\"wp-page\" data-elementor-id=\"1695\" class=\"elementor elementor-1695 elementor-1062\" data-elementor-post-type=\"page\">\n\t\t\t\t\t\t<section class=\"elementor-section elementor-top-section elementor-element elementor-element-53f6713a elementor-section-content-middle elementor-section-boxed elementor-section-height-default elementor-section-height-default\" data-id=\"53f6713a\" data-element_type=\"section\" data-e-type=\"section\">\n\t\t\t\t\t\t<div class=\"elementor-container elementor-column-gap-default\">\n\t\t\t\t\t<div class=\"elementor-column elementor-col-33 elementor-top-column elementor-element elementor-element-4d8361b0\" data-id=\"4d8361b0\" data-element_type=\"column\" data-e-type=\"column\">\n\t\t\t<div class=\"elementor-widget-wrap elementor-element-populated\">\n\t\t\t\t\t\t<div class=\"elementor-element elementor-element-63fcd7ac elementor-widget elementor-widget-image\" data-id=\"63fcd7ac\" data-element_type=\"widget\" data-e-type=\"widget\" data-widget_type=\"image.default\">\n\t\t\t\t<div class=\"elementor-widget-container\">\n\t\t\t\t\t\t\t\t\t\t\t\t\t\t\t<img decoding=\"async\" src=\"https:\/\/vaccinatela.info\/wp-content\/uploads\/elementor\/thumbs\/LA-Icon-clean-plkmf3260ud6ywhuojf4mcsq145mqwust9gcftx9d6.png\" title=\"LA Icon &#8211; clean\" alt=\"LA Icon - clean\" loading=\"lazy\" \/>\t\t\t\t\t\t\t\t\t\t\t\t\t\t\t<\/div>\n\t\t\t\t<\/div>\n\t\t\t\t\t<\/div>\n\t\t<\/div>\n\t\t\t\t<div class=\"elementor-column elementor-col-66 elementor-top-column elementor-element elementor-element-1a4add8c\" data-id=\"1a4add8c\" data-element_type=\"column\" data-e-type=\"column\">\n\t\t\t<div class=\"elementor-widget-wrap elementor-element-populated\">\n\t\t\t\t\t\t<div class=\"elementor-element elementor-element-284dd64c elementor-widget elementor-widget-heading\" data-id=\"284dd64c\" data-element_type=\"widget\" data-e-type=\"widget\" data-widget_type=\"heading.default\">\n\t\t\t\t<div class=\"elementor-widget-container\">\n\t\t\t\t\t<h2 class=\"elementor-heading-title elementor-size-default\">Pol\u00edtica de Privacidad<\/h2>\t\t\t\t<\/div>\n\t\t\t\t<\/div>\n\t\t\t\t\t<\/div>\n\t\t<\/div>\n\t\t\t\t\t<\/div>\n\t\t<\/section>\n\t\t\t\t<section class=\"elementor-section elementor-top-section elementor-element elementor-element-e4b9232 elementor-section-boxed elementor-section-height-default elementor-section-height-default\" data-id=\"e4b9232\" data-element_type=\"section\" data-e-type=\"section\">\n\t\t\t\t\t\t<div class=\"elementor-container elementor-column-gap-default\">\n\t\t\t\t\t<div class=\"elementor-column elementor-col-16 elementor-top-column elementor-element elementor-element-6c0e8aa\" data-id=\"6c0e8aa\" data-element_type=\"column\" data-e-type=\"column\">\n\t\t\t<div class=\"elementor-widget-wrap\">\n\t\t\t\t\t\t\t<\/div>\n\t\t<\/div>\n\t\t\t\t<div class=\"elementor-column elementor-col-66 elementor-top-column elementor-element elementor-element-dfdc0ea\" data-id=\"dfdc0ea\" data-element_type=\"column\" data-e-type=\"column\">\n\t\t\t<div class=\"elementor-widget-wrap elementor-element-populated\">\n\t\t\t\t\t\t<div class=\"elementor-element elementor-element-42c7d87 elementor-widget elementor-widget-text-editor\" data-id=\"42c7d87\" data-element_type=\"widget\" data-e-type=\"widget\" data-widget_type=\"text-editor.default\">\n\t\t\t\t<div class=\"elementor-widget-container\">\n\t\t\t\t\t\t\t\t\t<p style=\"text-align: center;\">Bienvenido al sitio web de VaccinateLA, un producto del Instituto de Ciencias Cl\u00ednicas y Traslacionales del Sur de California (SC CTSI) de la Universidad del Sur de California (USC) y sus socios. Al visitar o utilizar este sitio, acepta cumplir los t\u00e9rminos que se describen a continuaci\u00f3n. Tenga en cuenta que los t\u00e9rminos de uso y la pol\u00edtica de privacidad pueden cambiar de vez en cuando y, por lo tanto, su uso estar\u00e1 sujeto a la pol\u00edtica vigente en el momento del uso.<\/p><h3><br \/>Confidencialidad y Privacidad<\/h3><p>Este sitio web solo recopilar\u00e1 informaci\u00f3n personal que usted proporcione a sabiendas y voluntariamente, por ejemplo, al responder encuestas, completar formularios de solicitud, etc. SC CTSI no rastrea la identificaci\u00f3n de los visitantes. Sin embargo, recopilamos informaci\u00f3n agregada sobre qu\u00e9 p\u00e1ginas se visitan para evaluar y mejorar el contenido de nuestro sitio. Estos procedimientos no nos proporcionan informaci\u00f3n personal de los visitantes.<\/p><p>Los nombres y direcciones enviados por los visitantes a trav\u00e9s de formularios de registro se utilizan \u00fanicamente para los fines anunciados. USC no comparte, alquila, comercializa, vende ni divulga esta informaci\u00f3n sin consentimiento, excepto si as\u00ed lo exige la ley. Este sitio web puede proporcionar enlaces a sitios externos, tanto dentro como fuera de USC, que requieren y \/ o almacenan informaci\u00f3n personal. USC no es responsable de las pol\u00edticas de los sitios externos.<\/p><h3><br \/>C\u00f3mplice Legal<\/h3><p>Los usuarios no publicar\u00e1n ni transmitir\u00e1n ning\u00fan material amenazante, calumnioso, difamatorio, obsceno, incendiario, pornogr\u00e1fico o ilegal de cualquier otro modo, cualquier informaci\u00f3n de propiedad que pertenezca a otros, o cualquier material que pueda constituir o fomentar una conducta que pueda ser considerada un delito, dar lugar a responsabilidad civil, o violar cualquier ley<\/p><h3><br \/>Derechos de Autor<\/h3><p>Todo el contenido de este sitio pertenece a SC CTSI a menos que se indique lo contrario.<\/p><p>Puede usar, distribuir o transmitir el contenido de este sitio para cualquier prop\u00f3sito p\u00fablico y no comercial, con la debida atribuci\u00f3n a VaccinateLA y al Instituto de Ciencias Cl\u00ednicas y Traslacionales del Sur de California en la Universidad del Sur de California, o SC CTSI en USC, un enlace de regreso a vaccinatela.info y un correo electr\u00f3nico con detalles a vaccinatela@usc.edu<\/p><h3><br \/>M\u00e1s Informaci\u00f3n<\/h3><p>Env\u00ede sus preguntas sobre el sitio web y las pol\u00edticas de privacidad a vaccinatela@usc.edu<\/p>\t\t\t\t\t\t\t\t<\/div>\n\t\t\t\t<\/div>\n\t\t\t\t\t<\/div>\n\t\t<\/div>\n\t\t\t\t<div class=\"elementor-column elementor-col-16 elementor-top-column elementor-element elementor-element-2b52033\" data-id=\"2b52033\" data-element_type=\"column\" data-e-type=\"column\">\n\t\t\t<div class=\"elementor-widget-wrap\">\n\t\t\t\t\t\t\t<\/div>\n\t\t<\/div>\n\t\t\t\t\t<\/div>\n\t\t<\/section>\n\t\t\t\t<\/div>\n\t\t","protected":false},"excerpt":{"rendered":"<p>Pol\u00edtica de Privacidad Bienvenido al sitio web de VaccinateLA, un producto del Instituto de Ciencias Cl\u00ednicas y Traslacionales del Sur de California (SC CTSI) de la Universidad del Sur de California (USC) y sus socios. Al visitar o utilizar este sitio, acepta cumplir los t\u00e9rminos que se describen a continuaci\u00f3n. Tenga en cuenta que los [&hellip;]<\/p>\n","protected":false},"author":1,"featured_media":0,"parent":0,"menu_order":0,"comment_status":"closed","ping_status":"closed","template":"","meta":{"footnotes":""},"class_list":["post-1695","page","type-page","status-publish","hentry"],"_links":{"self":[{"href":"https:\/\/vaccinatela.info\/es\/wp-json\/wp\/v2\/pages\/1695","targetHints":{"allow":["GET"]}}],"collection":[{"href":"https:\/\/vaccinatela.info\/es\/wp-json\/wp\/v2\/pages"}],"about":[{"href":"https:\/\/vaccinatela.info\/es\/wp-json\/wp\/v2\/types\/page"}],"author":[{"embeddable":true,"href":"https:\/\/vaccinatela.info\/es\/wp-json\/wp\/v2\/users\/1"}],"replies":[{"embeddable":true,"href":"https:\/\/vaccinatela.info\/es\/wp-json\/wp\/v2\/comments?post=1695"}],"version-history":[{"count":4,"href":"https:\/\/vaccinatela.info\/es\/wp-json\/wp\/v2\/pages\/1695\/revisions"}],"predecessor-version":[{"id":1699,"href":"https:\/\/vaccinatela.info\/es\/wp-json\/wp\/v2\/pages\/1695\/revisions\/1699"}],"wp:attachment":[{"href":"https:\/\/vaccinatela.info\/es\/wp-json\/wp\/v2\/media?parent=1695"}],"curies":[{"name":"wp","href":"https:\/\/api.w.org\/{rel}","templated":true}]}}