{"id":1690,"date":"2022-03-14T19:34:43","date_gmt":"2022-03-15T02:34:43","guid":{"rendered":"https:\/\/dev.vaccinatela.info\/acerca-de\/"},"modified":"2022-03-14T19:35:19","modified_gmt":"2022-03-15T02:35:19","slug":"acerca-de","status":"publish","type":"page","link":"https:\/\/vaccinatela.info\/es\/acerca-de\/","title":{"rendered":"Acerca De"},"content":{"rendered":"\t\t<div data-elementor-type=\"wp-page\" data-elementor-id=\"1690\" class=\"elementor elementor-1690 elementor-1060\" data-elementor-post-type=\"page\">\n\t\t\t\t\t\t<section class=\"elementor-section elementor-top-section elementor-element elementor-element-40497124 elementor-section-content-middle elementor-section-boxed elementor-section-height-default elementor-section-height-default\" data-id=\"40497124\" data-element_type=\"section\" data-e-type=\"section\">\n\t\t\t\t\t\t<div class=\"elementor-container elementor-column-gap-default\">\n\t\t\t\t\t<div class=\"elementor-column elementor-col-33 elementor-top-column elementor-element elementor-element-6a1ab6a8\" data-id=\"6a1ab6a8\" data-element_type=\"column\" data-e-type=\"column\">\n\t\t\t<div class=\"elementor-widget-wrap elementor-element-populated\">\n\t\t\t\t\t\t<div class=\"elementor-element elementor-element-203dd9a6 elementor-widget elementor-widget-image\" data-id=\"203dd9a6\" data-element_type=\"widget\" data-e-type=\"widget\" data-widget_type=\"image.default\">\n\t\t\t\t<div class=\"elementor-widget-container\">\n\t\t\t\t\t\t\t\t\t\t\t\t\t\t\t<img decoding=\"async\" src=\"https:\/\/vaccinatela.info\/wp-content\/uploads\/elementor\/thumbs\/LA-Icon-clean-plkmf3260ud6ywhuojf4mcsq145mqwust9gcftx9d6.png\" title=\"LA Icon &#8211; clean\" alt=\"LA Icon - clean\" loading=\"lazy\" \/>\t\t\t\t\t\t\t\t\t\t\t\t\t\t\t<\/div>\n\t\t\t\t<\/div>\n\t\t\t\t\t<\/div>\n\t\t<\/div>\n\t\t\t\t<div class=\"elementor-column elementor-col-66 elementor-top-column elementor-element elementor-element-195804db\" data-id=\"195804db\" data-element_type=\"column\" data-e-type=\"column\">\n\t\t\t<div class=\"elementor-widget-wrap elementor-element-populated\">\n\t\t\t\t\t\t<div class=\"elementor-element elementor-element-4616ef5b elementor-widget elementor-widget-heading\" data-id=\"4616ef5b\" data-element_type=\"widget\" data-e-type=\"widget\" data-widget_type=\"heading.default\">\n\t\t\t\t<div class=\"elementor-widget-container\">\n\t\t\t\t\t<h2 class=\"elementor-heading-title elementor-size-default\">Acerca De VaccinateLA<\/h2>\t\t\t\t<\/div>\n\t\t\t\t<\/div>\n\t\t\t\t\t<\/div>\n\t\t<\/div>\n\t\t\t\t\t<\/div>\n\t\t<\/section>\n\t\t\t\t<section class=\"elementor-section elementor-top-section elementor-element elementor-element-034b61f elementor-section-boxed elementor-section-height-default elementor-section-height-default\" data-id=\"034b61f\" data-element_type=\"section\" data-e-type=\"section\">\n\t\t\t\t\t\t<div class=\"elementor-container elementor-column-gap-default\">\n\t\t\t\t\t<div class=\"elementor-column elementor-col-16 elementor-top-column elementor-element elementor-element-669615b\" data-id=\"669615b\" data-element_type=\"column\" data-e-type=\"column\">\n\t\t\t<div class=\"elementor-widget-wrap\">\n\t\t\t\t\t\t\t<\/div>\n\t\t<\/div>\n\t\t\t\t<div class=\"elementor-column elementor-col-66 elementor-top-column elementor-element elementor-element-87a6a1c\" data-id=\"87a6a1c\" data-element_type=\"column\" data-e-type=\"column\">\n\t\t\t<div class=\"elementor-widget-wrap elementor-element-populated\">\n\t\t\t\t\t\t<div class=\"elementor-element elementor-element-927949c elementor-widget elementor-widget-text-editor\" data-id=\"927949c\" data-element_type=\"widget\" data-e-type=\"widget\" data-widget_type=\"text-editor.default\">\n\t\t\t\t<div class=\"elementor-widget-container\">\n\t\t\t\t\t\t\t\t\t<p style=\"text-align: center;\"><b>VaccinateLA<\/b>\u00a0es un esfuerzo conjunto entre la Universidad del Sur de California (USC), varios hospitales y la comunidad. Esta campa\u00f1a trabaja para hacer que el acceso a las vacunas COVID sea r\u00e1pido y f\u00e1cil para todos los angelinos. Nosotros brindamos a usted y a su familia recursos, como entrevistas con expertos, para ayudarlo a tomar la mejor decisi\u00f3n para su salud.<\/p>\t\t\t\t\t\t\t\t<\/div>\n\t\t\t\t<\/div>\n\t\t\t\t\t<\/div>\n\t\t<\/div>\n\t\t\t\t<div class=\"elementor-column elementor-col-16 elementor-top-column elementor-element elementor-element-27eda78\" data-id=\"27eda78\" data-element_type=\"column\" data-e-type=\"column\">\n\t\t\t<div class=\"elementor-widget-wrap\">\n\t\t\t\t\t\t\t<\/div>\n\t\t<\/div>\n\t\t\t\t\t<\/div>\n\t\t<\/section>\n\t\t\t\t<section class=\"elementor-section elementor-top-section elementor-element elementor-element-0ef7cd9 elementor-section-boxed elementor-section-height-default elementor-section-height-default\" data-id=\"0ef7cd9\" data-element_type=\"section\" data-e-type=\"section\">\n\t\t\t\t\t\t<div class=\"elementor-container elementor-column-gap-default\">\n\t\t\t\t\t<div class=\"elementor-column elementor-col-16 elementor-top-column elementor-element elementor-element-e72e06f\" data-id=\"e72e06f\" data-element_type=\"column\" data-e-type=\"column\">\n\t\t\t<div class=\"elementor-widget-wrap\">\n\t\t\t\t\t\t\t<\/div>\n\t\t<\/div>\n\t\t\t\t<div class=\"elementor-column elementor-col-66 elementor-top-column elementor-element elementor-element-178ac7f\" data-id=\"178ac7f\" data-element_type=\"column\" data-e-type=\"column\">\n\t\t\t<div class=\"elementor-widget-wrap elementor-element-populated\">\n\t\t\t\t\t\t<div class=\"elementor-element elementor-element-28c8697 elementor-widget elementor-widget-image\" data-id=\"28c8697\" data-element_type=\"widget\" data-e-type=\"widget\" data-widget_type=\"image.default\">\n\t\t\t\t<div class=\"elementor-widget-container\">\n\t\t\t\t\t\t\t\t\t\t\t\t\t\t\t\t<a href=\"https:\/\/dev.vaccinatela.info\/wp-content\/uploads\/2021\/07\/VaccinateLA-USC-Fact-Sheet-2021-07-20.pdf\">\n\t\t\t\t\t\t\t<img fetchpriority=\"high\" decoding=\"async\" width=\"225\" height=\"323\" src=\"https:\/\/vaccinatela.info\/wp-content\/uploads\/2021\/07\/fact-sheet-thumb.jpg\" class=\"attachment-large size-large wp-image-560\" alt=\"\" srcset=\"https:\/\/vaccinatela.info\/wp-content\/uploads\/2021\/07\/fact-sheet-thumb.jpg 225w, https:\/\/vaccinatela.info\/wp-content\/uploads\/2021\/07\/fact-sheet-thumb-209x300.jpg 209w, https:\/\/vaccinatela.info\/wp-content\/uploads\/2021\/07\/fact-sheet-thumb-200x287.jpg 200w\" sizes=\"(max-width: 225px) 100vw, 225px\" \/>\t\t\t\t\t\t\t\t<\/a>\n\t\t\t\t\t\t\t\t\t\t\t\t\t\t\t<\/div>\n\t\t\t\t<\/div>\n\t\t\t\t<div class=\"elementor-element elementor-element-6dd752d elementor-widget elementor-widget-text-editor\" data-id=\"6dd752d\" data-element_type=\"widget\" data-e-type=\"widget\" data-widget_type=\"text-editor.default\">\n\t\t\t\t<div class=\"elementor-widget-container\">\n\t\t\t\t\t\t\t\t\t<p style=\"text-align: center;\"><a href=\"https:\/\/dev.vaccinatela.info\/wp-content\/uploads\/2021\/07\/VaccinateLA-USC-Fact-Sheet-2021-07-20.pdf\" download>download the VaccinateLA Fact Sheet PDF<\/a><\/p>\n\t\t\t\t\t\t\t\t<\/div>\n\t\t\t\t<\/div>\n\t\t\t\t\t<\/div>\n\t\t<\/div>\n\t\t\t\t<div class=\"elementor-column elementor-col-16 elementor-top-column elementor-element elementor-element-faa8821\" data-id=\"faa8821\" data-element_type=\"column\" data-e-type=\"column\">\n\t\t\t<div class=\"elementor-widget-wrap\">\n\t\t\t\t\t\t\t<\/div>\n\t\t<\/div>\n\t\t\t\t\t<\/div>\n\t\t<\/section>\n\t\t\t\t<\/div>\n\t\t","protected":false},"excerpt":{"rendered":"<p>Acerca De VaccinateLA VaccinateLA\u00a0es un esfuerzo conjunto entre la Universidad del Sur de California (USC), varios hospitales y la comunidad. Esta campa\u00f1a trabaja para hacer que el acceso a las vacunas COVID sea r\u00e1pido y f\u00e1cil para todos los angelinos. Nosotros brindamos a usted y a su familia recursos, como entrevistas con expertos, para ayudarlo [&hellip;]<\/p>\n","protected":false},"author":1,"featured_media":0,"parent":0,"menu_order":0,"comment_status":"closed","ping_status":"closed","template":"","meta":{"footnotes":""},"class_list":["post-1690","page","type-page","status-publish","hentry"],"_links":{"self":[{"href":"https:\/\/vaccinatela.info\/es\/wp-json\/wp\/v2\/pages\/1690","targetHints":{"allow":["GET"]}}],"collection":[{"href":"https:\/\/vaccinatela.info\/es\/wp-json\/wp\/v2\/pages"}],"about":[{"href":"https:\/\/vaccinatela.info\/es\/wp-json\/wp\/v2\/types\/page"}],"author":[{"embeddable":true,"href":"https:\/\/vaccinatela.info\/es\/wp-json\/wp\/v2\/users\/1"}],"replies":[{"embeddable":true,"href":"https:\/\/vaccinatela.info\/es\/wp-json\/wp\/v2\/comments?post=1690"}],"version-history":[{"count":4,"href":"https:\/\/vaccinatela.info\/es\/wp-json\/wp\/v2\/pages\/1690\/revisions"}],"predecessor-version":[{"id":1694,"href":"https:\/\/vaccinatela.info\/es\/wp-json\/wp\/v2\/pages\/1690\/revisions\/1694"}],"wp:attachment":[{"href":"https:\/\/vaccinatela.info\/es\/wp-json\/wp\/v2\/media?parent=1690"}],"curies":[{"name":"wp","href":"https:\/\/api.w.org\/{rel}","templated":true}]}}